{"id":3127,"date":"2022-08-18T19:16:17","date_gmt":"2022-08-18T19:16:17","guid":{"rendered":"https:\/\/villa-mala-porec.de\/wordpress\/?page_id=3127"},"modified":"2026-01-28T11:01:25","modified_gmt":"2026-01-28T11:01:25","slug":"impressum","status":"publish","type":"page","link":"https:\/\/villa-mala-porec.de\/index.php\/impressum\/","title":{"rendered":"Impressum"},"content":{"rendered":"\t\t<div data-elementor-type=\"wp-page\" data-elementor-id=\"3127\" class=\"elementor elementor-3127\">\n\t\t\t\t\t\t\t\t\t<section class=\"elementor-section elementor-top-section elementor-element elementor-element-6febec5c elementor-section-height-full elementor-section-boxed elementor-section-height-default elementor-section-items-middle\" data-id=\"6febec5c\" data-element_type=\"section\" data-settings=\"{&quot;background_background&quot;:&quot;slideshow&quot;,&quot;background_slideshow_gallery&quot;:[{&quot;id&quot;:5804,&quot;url&quot;:&quot;https:\\\/\\\/villa-mala-porec.de\\\/wp-content\\\/uploads\\\/2023\\\/01\\\/villa_mala_szene_11.jpg&quot;},{&quot;id&quot;:6312,&quot;url&quot;:&quot;https:\\\/\\\/villa-mala-porec.de\\\/wp-content\\\/uploads\\\/2025\\\/09\\\/villa_mala_szene_2.jpg&quot;},{&quot;id&quot;:6313,&quot;url&quot;:&quot;https:\\\/\\\/villa-mala-porec.de\\\/wp-content\\\/uploads\\\/2025\\\/09\\\/villa_mala_szene_3.jpg&quot;},{&quot;id&quot;:6317,&quot;url&quot;:&quot;https:\\\/\\\/villa-mala-porec.de\\\/wp-content\\\/uploads\\\/2025\\\/09\\\/villa_mala_szene_7.jpg&quot;},{&quot;id&quot;:6314,&quot;url&quot;:&quot;https:\\\/\\\/villa-mala-porec.de\\\/wp-content\\\/uploads\\\/2025\\\/09\\\/villa_mala_szene_4.jpg&quot;},{&quot;id&quot;:6315,&quot;url&quot;:&quot;https:\\\/\\\/villa-mala-porec.de\\\/wp-content\\\/uploads\\\/2025\\\/09\\\/villa_mala_szene_5.jpg&quot;},{&quot;id&quot;:6316,&quot;url&quot;:&quot;https:\\\/\\\/villa-mala-porec.de\\\/wp-content\\\/uploads\\\/2025\\\/09\\\/villa_mala_szene_6.jpg&quot;},{&quot;id&quot;:6318,&quot;url&quot;:&quot;https:\\\/\\\/villa-mala-porec.de\\\/wp-content\\\/uploads\\\/2025\\\/09\\\/villa_mala_szene_8.jpg&quot;},{&quot;id&quot;:3627,&quot;url&quot;:&quot;https:\\\/\\\/villa-mala-porec.de\\\/wp-content\\\/uploads\\\/2022\\\/08\\\/villa_mala_szene_16.jpg&quot;}],&quot;background_slideshow_transition_duration&quot;:2000,&quot;background_slideshow_loop&quot;:&quot;yes&quot;,&quot;background_slideshow_slide_duration&quot;:5000,&quot;background_slideshow_slide_transition&quot;:&quot;fade&quot;,&quot;_ha_eqh_enable&quot;:false}\">\n\t\t\t\t\t\t\t<div class=\"elementor-background-overlay\"><\/div>\n\t\t\t\t\t\t\t<div class=\"elementor-container elementor-column-gap-default\">\n\t\t\t\t\t<div class=\"elementor-column elementor-col-100 elementor-top-column elementor-element elementor-element-636f8810\" data-id=\"636f8810\" data-element_type=\"column\" data-settings=\"{&quot;background_background&quot;:&quot;gradient&quot;}\">\n\t\t\t<div class=\"elementor-widget-wrap elementor-element-populated\">\n\t\t\t\t\t\t\t\t<div class=\"elementor-element elementor-element-74e0d4a elementor-widget elementor-widget-image\" data-id=\"74e0d4a\" data-element_type=\"widget\" data-widget_type=\"image.default\">\n\t\t\t\t<div class=\"elementor-widget-container\">\n\t\t\t<style>\/*! elementor - v3.7.4 - 31-08-2022 *\/\n.elementor-widget-image{text-align:center}.elementor-widget-image a{display:inline-block}.elementor-widget-image a img[src$=\".svg\"]{width:48px}.elementor-widget-image img{vertical-align:middle;display:inline-block}<\/style>\t\t\t\t\t\t\t\t\t\t\t\t<img loading=\"lazy\" decoding=\"async\" width=\"400\" height=\"202\" src=\"https:\/\/villa-mala-porec.de\/wp-content\/uploads\/2022\/09\/Villa-Mala_logo_weiss1.png\" class=\"attachment-full size-full\" alt=\"\" srcset=\"https:\/\/villa-mala-porec.de\/wp-content\/uploads\/2022\/09\/Villa-Mala_logo_weiss1.png 400w, https:\/\/villa-mala-porec.de\/wp-content\/uploads\/2022\/09\/Villa-Mala_logo_weiss1-300x152.png 300w\" sizes=\"auto, (max-width: 400px) 100vw, 400px\" \/>\t\t\t\t\t\t\t\t\t\t\t\t\t\t\t<\/div>\n\t\t\t\t<\/div>\n\t\t\t\t\t<\/div>\n\t\t<\/div>\n\t\t\t\t\t\t\t<\/div>\n\t\t<\/section>\n\t\t\t\t<section class=\"elementor-section elementor-top-section elementor-element elementor-element-68b26b5c elementor-section-full_width elementor-section-height-default elementor-section-height-default\" data-id=\"68b26b5c\" data-element_type=\"section\" data-settings=\"{&quot;background_background&quot;:&quot;classic&quot;,&quot;_ha_eqh_enable&quot;:false}\">\n\t\t\t\t\t\t\t<div class=\"elementor-background-overlay\"><\/div>\n\t\t\t\t\t\t\t<div class=\"elementor-container elementor-column-gap-default\">\n\t\t\t\t\t<div class=\"elementor-column elementor-col-100 elementor-top-column elementor-element elementor-element-206ccf8e\" data-id=\"206ccf8e\" data-element_type=\"column\">\n\t\t\t<div class=\"elementor-widget-wrap elementor-element-populated\">\n\t\t\t\t\t\t\t\t<div class=\"elementor-element elementor-element-0292e52 elementor-widget elementor-widget-spacer\" data-id=\"0292e52\" data-element_type=\"widget\" data-widget_type=\"spacer.default\">\n\t\t\t\t<div class=\"elementor-widget-container\">\n\t\t\t<style>\/*! elementor - v3.7.4 - 31-08-2022 *\/\n.elementor-column .elementor-spacer-inner{height:var(--spacer-size)}.e-container{--container-widget-width:100%}.e-container>.elementor-widget-spacer{width:var(--container-widget-width,var(--spacer-size));-ms-flex-item-align:stretch;align-self:stretch;-ms-flex-negative:0;flex-shrink:0}.e-container>.elementor-widget-spacer>.elementor-widget-container,.e-container>.elementor-widget-spacer>.elementor-widget-container>.elementor-spacer{height:100%}.e-container>.elementor-widget-spacer>.elementor-widget-container>.elementor-spacer>.elementor-spacer-inner{height:var(--container-widget-height,var(--spacer-size))}<\/style>\t\t<div class=\"elementor-spacer\">\n\t\t\t<div class=\"elementor-spacer-inner\"><\/div>\n\t\t<\/div>\n\t\t\t\t<\/div>\n\t\t\t\t<\/div>\n\t\t\t\t<div class=\"elementor-element elementor-element-32e99a18 elementor-widget elementor-widget-heading\" data-id=\"32e99a18\" data-element_type=\"widget\" data-widget_type=\"heading.default\">\n\t\t\t\t<div class=\"elementor-widget-container\">\n\t\t\t<style>\/*! elementor - v3.7.4 - 31-08-2022 *\/\n.elementor-heading-title{padding:0;margin:0;line-height:1}.elementor-widget-heading .elementor-heading-title[class*=elementor-size-]>a{color:inherit;font-size:inherit;line-height:inherit}.elementor-widget-heading .elementor-heading-title.elementor-size-small{font-size:15px}.elementor-widget-heading .elementor-heading-title.elementor-size-medium{font-size:19px}.elementor-widget-heading .elementor-heading-title.elementor-size-large{font-size:29px}.elementor-widget-heading .elementor-heading-title.elementor-size-xl{font-size:39px}.elementor-widget-heading .elementor-heading-title.elementor-size-xxl{font-size:59px}<\/style><h3 class=\"elementor-heading-title elementor-size-default\">Impressum<\/h3>\t\t<\/div>\n\t\t\t\t<\/div>\n\t\t\t\t<div class=\"elementor-element elementor-element-9a1f864 elementor-widget elementor-widget-image\" data-id=\"9a1f864\" data-element_type=\"widget\" data-widget_type=\"image.default\">\n\t\t\t\t<div class=\"elementor-widget-container\">\n\t\t\t\t\t\t\t\t\t\t\t\t\t\t\t<img loading=\"lazy\" decoding=\"async\" width=\"302\" height=\"26\" src=\"https:\/\/villa-mala-porec.de\/wp-content\/uploads\/2022\/08\/ornament-1.png\" class=\"attachment-full size-full\" alt=\"\" srcset=\"https:\/\/villa-mala-porec.de\/wp-content\/uploads\/2022\/08\/ornament-1.png 302w, https:\/\/villa-mala-porec.de\/wp-content\/uploads\/2022\/08\/ornament-1-300x26.png 300w\" sizes=\"auto, (max-width: 302px) 100vw, 302px\" \/>\t\t\t\t\t\t\t\t\t\t\t\t\t\t\t<\/div>\n\t\t\t\t<\/div>\n\t\t\t\t<section class=\"elementor-section elementor-inner-section elementor-element elementor-element-6a7e6407 elementor-section-full_width elementor-section-height-default elementor-section-height-default\" data-id=\"6a7e6407\" data-element_type=\"section\" data-settings=\"{&quot;_ha_eqh_enable&quot;:false}\">\n\t\t\t\t\t\t<div class=\"elementor-container elementor-column-gap-default\">\n\t\t\t\t\t<div class=\"elementor-column elementor-col-33 elementor-inner-column elementor-element elementor-element-55be0b95\" data-id=\"55be0b95\" data-element_type=\"column\">\n\t\t\t<div class=\"elementor-widget-wrap elementor-element-populated\">\n\t\t\t\t\t\t\t\t<div class=\"elementor-element elementor-element-b38f3ee elementor-widget elementor-widget-image\" data-id=\"b38f3ee\" data-element_type=\"widget\" data-widget_type=\"image.default\">\n\t\t\t\t<div class=\"elementor-widget-container\">\n\t\t\t\t\t\t\t\t\t\t\t\t\t\t\t<img decoding=\"async\" src=\"https:\/\/villa-mala-porec.de\/wp-content\/uploads\/elementor\/thumbs\/Villa-Mala_logo_header1-pufddego0m9q40i9s3rmhotk6gp65ixjtuqoio2xrg.png\" title=\"Villa-Mala_logo_header1\" alt=\"Villa-Mala_logo_header1\" \/>\t\t\t\t\t\t\t\t\t\t\t\t\t\t\t<\/div>\n\t\t\t\t<\/div>\n\t\t\t\t<div class=\"elementor-element elementor-element-105bb76 elementor-widget elementor-widget-spacer\" data-id=\"105bb76\" data-element_type=\"widget\" data-widget_type=\"spacer.default\">\n\t\t\t\t<div class=\"elementor-widget-container\">\n\t\t\t\t\t<div class=\"elementor-spacer\">\n\t\t\t<div class=\"elementor-spacer-inner\"><\/div>\n\t\t<\/div>\n\t\t\t\t<\/div>\n\t\t\t\t<\/div>\n\t\t\t\t<div class=\"elementor-element elementor-element-5b39aecb elementor-widget elementor-widget-sidebar\" data-id=\"5b39aecb\" data-element_type=\"widget\" data-widget_type=\"sidebar.default\">\n\t\t\t\t<div class=\"elementor-widget-container\">\n\t\t\t<aside id=\"nav_menu-2\" class=\"widget widget_nav_menu\"><nav class=\"menu-main-menu-container\" aria-label=\"Men\u00fc\"><ul id=\"menu-main-menu\" class=\"menu\"><li id=\"menu-item-1169\" class=\"menu-item menu-item-type-post_type menu-item-object-page menu-item-home menu-item-1169\"><a href=\"https:\/\/villa-mala-porec.de\/\" class=\"menu-link\">Villa Mala<\/a><\/li>\n<li id=\"menu-item-6291\" class=\"menu-item menu-item-type-post_type menu-item-object-page menu-item-6291\"><a href=\"https:\/\/villa-mala-porec.de\/index.php\/apartments-cloned-3336\/\" class=\"menu-link\">Zimmer<\/a><\/li>\n<li id=\"menu-item-6991\" class=\"menu-item menu-item-type-post_type menu-item-object-page menu-item-6991\"><a href=\"https:\/\/villa-mala-porec.de\/index.php\/apartments\/\" class=\"menu-link\">Premium-Zimmer<\/a><\/li>\n<li id=\"menu-item-7584\" class=\"menu-item menu-item-type-post_type menu-item-object-page menu-item-7584\"><a href=\"https:\/\/villa-mala-porec.de\/index.php\/preisliste\/\" class=\"menu-link\">Preise<\/a><\/li>\n<li id=\"menu-item-4020\" class=\"menu-item menu-item-type-post_type menu-item-object-page menu-item-4020\"><a href=\"https:\/\/villa-mala-porec.de\/index.php\/standort\/\" class=\"menu-link\">Standort<\/a><\/li>\n<li id=\"menu-item-1732\" class=\"menu-item menu-item-type-post_type menu-item-object-page menu-item-1732\"><a href=\"https:\/\/villa-mala-porec.de\/index.php\/stadt-porec\/\" class=\"menu-link\">Stadt Pore\u010d &#038; Umgebung<\/a><\/li>\n<li id=\"menu-item-1171\" class=\"menu-item menu-item-type-post_type menu-item-object-page menu-item-1171\"><a href=\"https:\/\/villa-mala-porec.de\/index.php\/kontakt\/\" class=\"menu-link\">Kontakt<\/a><\/li>\n<\/ul><\/nav><\/aside>\t\t<\/div>\n\t\t\t\t<\/div>\n\t\t\t\t\t<\/div>\n\t\t<\/div>\n\t\t\t\t<div class=\"elementor-column elementor-col-33 elementor-inner-column elementor-element elementor-element-593246da\" data-id=\"593246da\" data-element_type=\"column\">\n\t\t\t<div class=\"elementor-widget-wrap elementor-element-populated\">\n\t\t\t\t\t\t\t\t<div class=\"elementor-element elementor-element-6191786 elementor-widget elementor-widget-image\" data-id=\"6191786\" data-element_type=\"widget\" data-widget_type=\"image.default\">\n\t\t\t\t<div class=\"elementor-widget-container\">\n\t\t\t\t\t\t\t\t\t\t\t\t\t\t\t<img decoding=\"async\" src=\"https:\/\/villa-mala-porec.de\/wp-content\/uploads\/elementor\/thumbs\/logo_grafik-ptnec8ragke2jexmmxouxowhpiolyufcw348miof66.png\" title=\"logo_grafik\" alt=\"logo_grafik\" \/>\t\t\t\t\t\t\t\t\t\t\t\t\t\t\t<\/div>\n\t\t\t\t<\/div>\n\t\t\t\t<div class=\"elementor-element elementor-element-0c884fc elementor-widget elementor-widget-text-editor\" data-id=\"0c884fc\" data-element_type=\"widget\" data-widget_type=\"text-editor.default\">\n\t\t\t\t<div class=\"elementor-widget-container\">\n\t\t\t<style>\/*! elementor - v3.7.4 - 31-08-2022 *\/\n.elementor-widget-text-editor.elementor-drop-cap-view-stacked .elementor-drop-cap{background-color:#818a91;color:#fff}.elementor-widget-text-editor.elementor-drop-cap-view-framed .elementor-drop-cap{color:#818a91;border:3px solid;background-color:transparent}.elementor-widget-text-editor:not(.elementor-drop-cap-view-default) .elementor-drop-cap{margin-top:8px}.elementor-widget-text-editor:not(.elementor-drop-cap-view-default) .elementor-drop-cap-letter{width:1em;height:1em}.elementor-widget-text-editor .elementor-drop-cap{float:left;text-align:center;line-height:1;font-size:50px}.elementor-widget-text-editor .elementor-drop-cap-letter{display:inline-block}<\/style>\t\t\t\t<div><p><strong>Angaben gem\u00e4\u00df \u00a7 5 TMG:<\/strong><\/p><\/div><div><p>\u00a0<\/p><p><strong>Adresse:<\/strong><\/p><p>Hotel Villa Mala Pore\u010d &#8211; Agenda d.o.o.<\/p><p>Cerova ul. 2a &#8211; Kukci,<\/p><p>52440, Pore\u010d, Istrien Kroatien<\/p><p>\u00a0<\/p><p><strong>Kontakt:<\/strong><\/p><p>Mobil: +49 171 3733694<\/p><p>Mail:\u00a0<a title=\"info@hsb-handel.de\" href=\"mailto:info@hsb-handel.de\">info@villa-mala-porec.de<\/a><\/p><\/div><div>\u00a0<\/div><div><strong>Umsatzsteuer-ID:<\/strong><\/div><div>Umsatzsteuer-Identifikationsnummer gem\u00e4\u00df \u00a727 a Umsatzsteuergesetz:<\/div><div>OIB: HR12336017130<\/div><div>\u00a0<\/div><div><div><div><h4>Haftung f\u00fcr Inhalte<\/h4><p>Als Diensteanbieter sind wir gem\u00e4\u00df \u00a7 7 Abs.1 TMG f\u00fcr eigene Inhalte auf diesen Seiten nach den allgemeinen Gesetzen verantwortlich. Nach \u00a7\u00a7 8 bis 10 TMG sind wir als Diensteanbieter jedoch nicht verpflichtet, \u00fcbermittelte oder gespeicherte fremde Informationen zu \u00fcberwachen oder nach Umst\u00e4nden zu forschen, die auf eine rechtswidrige T\u00e4tigkeit hinweisen.<\/p><p>Verpflichtungen zur Entfernung oder Sperrung der Nutzung von Informationen nach den allgemeinen Gesetzen bleiben hiervon unber\u00fchrt. Eine diesbez\u00fcgliche Haftung ist jedoch erst ab dem Zeitpunkt der Kenntnis einer konkreten Rechtsverletzung m\u00f6glich. Bei Bekanntwerden von entsprechenden Rechtsverletzungen werden wir diese Inhalte umgehend entfernen.<\/p><p>\u00a0<\/p><h4>Haftung f\u00fcr Links<\/h4><p>Unser Angebot enth\u00e4lt Links zu externen Websites Dritter, auf deren Inhalte wir keinen Einfluss haben. Deshalb k\u00f6nnen wir f\u00fcr diese fremden Inhalte auch keine Gew\u00e4hr \u00fcbernehmen. F\u00fcr die Inhalte der verlinkten Seiten ist stets der jeweilige Anbieter oder Betreiber der Seiten verantwortlich. Die verlinkten Seiten wurden zum Zeitpunkt der Verlinkung auf m\u00f6gliche Rechtsverst\u00f6\u00dfe \u00fcberpr\u00fcft. Rechtswidrige Inhalte waren zum Zeitpunkt der Verlinkung nicht erkennbar.<\/p><p>Eine permanente inhaltliche Kontrolle der verlinkten Seiten ist jedoch ohne konkrete Anhaltspunkte einer Rechtsverletzung nicht zumutbar. Bei Bekanntwerden von Rechtsverletzungen werden wir derartige Links umgehend entfernen.<\/p><p>\u00a0<\/p><h4>Urheberrecht<\/h4><p>Die durch die Seitenbetreiber erstellten Inhalte und Werke auf diesen Seiten unterliegen dem deutschen Urheberrecht. Die Vervielf\u00e4ltigung, Bearbeitung, Verbreitung und jede Art der Verwertung au\u00dferhalb der Grenzen des Urheberrechtes bed\u00fcrfen der schriftlichen Zustimmung des jeweiligen Autors bzw. Erstellers. Downloads und Kopien dieser Seite sind nur f\u00fcr den privaten, nicht kommerziellen Gebrauch gestattet.<\/p><p>Soweit die Inhalte auf dieser Seite nicht vom Betreiber erstellt wurden, werden die Urheberrechte Dritter beachtet. Insbesondere werden Inhalte Dritter als solche gekennzeichnet. Sollten Sie trotzdem auf eine Urheberrechtsverletzung aufmerksam werden, bitten wir um einen entsprechenden Hinweis. Bei Bekanntwerden von Rechtsverletzungen werden wir derartige Inhalte umgehend entfernen.<\/p><\/div><\/div><\/div>\t\t\t\t\t\t<\/div>\n\t\t\t\t<\/div>\n\t\t\t\t\t<\/div>\n\t\t<\/div>\n\t\t\t\t<div class=\"elementor-column elementor-col-33 elementor-inner-column elementor-element elementor-element-7bc84aa2\" data-id=\"7bc84aa2\" data-element_type=\"column\">\n\t\t\t<div class=\"elementor-widget-wrap elementor-element-populated\">\n\t\t\t\t\t\t\t\t<div class=\"elementor-element elementor-element-ec3f718 elementor-widget elementor-widget-sidebar\" data-id=\"ec3f718\" data-element_type=\"widget\" data-widget_type=\"sidebar.default\">\n\t\t\t\t<div class=\"elementor-widget-container\">\n\t\t\t<div id=\"gtranslate-7\" class=\"widget widget_gtranslate\"><div class=\"gtranslate_wrapper\" id=\"gt-wrapper-84551586\"><\/div><\/div><div id=\"block-2\" class=\"widget widget_block widget_search\"><form role=\"search\" method=\"get\" action=\"https:\/\/villa-mala-porec.de\/\" class=\"wp-block-search__button-outside wp-block-search__text-button wp-block-search\"    ><label class=\"wp-block-search__label\" for=\"wp-block-search__input-1\" >Suchen<\/label><div class=\"wp-block-search__inside-wrapper\" ><input class=\"wp-block-search__input\" id=\"wp-block-search__input-1\" placeholder=\"\" value=\"\" type=\"search\" name=\"s\" required \/><button aria-label=\"Suchen\" class=\"wp-block-search__button wp-element-button\" type=\"submit\" >Suchen<\/button><\/div><\/form><\/div>\t\t<\/div>\n\t\t\t\t<\/div>\n\t\t\t\t\t<\/div>\n\t\t<\/div>\n\t\t\t\t\t\t\t<\/div>\n\t\t<\/section>\n\t\t\t\t\t<\/div>\n\t\t<\/div>\n\t\t\t\t\t\t\t<\/div>\n\t\t<\/section>\n\t\t\t\t\t\t\t<\/div>\n\t\t","protected":false},"excerpt":{"rendered":"<p>Impressum Angaben gem\u00e4\u00df \u00a7 5 TMG: \u00a0 Adresse: Hotel Villa Mala Pore\u010d &#8211; Agenda d.o.o. Cerova ul. 2a &#8211; Kukci, 52440, Pore\u010d, Istrien Kroatien \u00a0 Kontakt: Mobil: +49 171 3733694 Mail:\u00a0info@villa-mala-porec.de \u00a0Umsatzsteuer-ID:Umsatzsteuer-Identifikationsnummer gem\u00e4\u00df \u00a727 a Umsatzsteuergesetz:OIB: HR12336017130\u00a0 Haftung f\u00fcr Inhalte Als Diensteanbieter sind wir gem\u00e4\u00df \u00a7 7 Abs.1 TMG f\u00fcr eigene Inhalte auf diesen Seiten &hellip;<\/p>\n<p class=\"read-more\"> <a class=\"\" href=\"https:\/\/villa-mala-porec.de\/index.php\/impressum\/\"> <span class=\"screen-reader-text\">Impressum<\/span> Weiterlesen &raquo;<\/a><\/p>\n","protected":false},"author":2,"featured_media":0,"parent":0,"menu_order":0,"comment_status":"closed","ping_status":"closed","template":"","meta":{"site-sidebar-layout":"no-sidebar","site-content-layout":"page-builder","ast-global-header-display":"","ast-main-header-display":"","ast-hfb-above-header-display":"","ast-hfb-below-header-display":"","ast-hfb-mobile-header-display":"","site-post-title":"disabled","ast-breadcrumbs-content":"","ast-featured-img":"disabled","footer-sml-layout":"","theme-transparent-header-meta":"enabled","adv-header-id-meta":"","stick-header-meta":"","header-above-stick-meta":"","header-main-stick-meta":"","header-below-stick-meta":"","footnotes":""},"class_list":["post-3127","page","type-page","status-publish","hentry"],"_links":{"self":[{"href":"https:\/\/villa-mala-porec.de\/index.php\/wp-json\/wp\/v2\/pages\/3127","targetHints":{"allow":["GET"]}}],"collection":[{"href":"https:\/\/villa-mala-porec.de\/index.php\/wp-json\/wp\/v2\/pages"}],"about":[{"href":"https:\/\/villa-mala-porec.de\/index.php\/wp-json\/wp\/v2\/types\/page"}],"author":[{"embeddable":true,"href":"https:\/\/villa-mala-porec.de\/index.php\/wp-json\/wp\/v2\/users\/2"}],"replies":[{"embeddable":true,"href":"https:\/\/villa-mala-porec.de\/index.php\/wp-json\/wp\/v2\/comments?post=3127"}],"version-history":[{"count":163,"href":"https:\/\/villa-mala-porec.de\/index.php\/wp-json\/wp\/v2\/pages\/3127\/revisions"}],"predecessor-version":[{"id":7486,"href":"https:\/\/villa-mala-porec.de\/index.php\/wp-json\/wp\/v2\/pages\/3127\/revisions\/7486"}],"wp:attachment":[{"href":"https:\/\/villa-mala-porec.de\/index.php\/wp-json\/wp\/v2\/media?parent=3127"}],"curies":[{"name":"wp","href":"https:\/\/api.w.org\/{rel}","templated":true}]}}